{"id":1725,"date":"2023-12-18T12:04:37","date_gmt":"2023-12-18T09:04:37","guid":{"rendered":"https:\/\/aquariusotel.com\/ueber-uns\/"},"modified":"2024-05-28T17:33:12","modified_gmt":"2024-05-28T14:33:12","slug":"ueber-uns","status":"publish","type":"page","link":"https:\/\/aquariusotel.com\/de\/ueber-uns\/","title":{"rendered":"\u00dcber uns"},"content":{"rendered":"\n<div class=\"wp-block-stackable-image stk-block-image stk-block stk-3bf337b\" data-block-id=\"3bf337b\"><figure><span class=\"stk-img-wrapper stk-image--shape-stretch\"><img loading=\"lazy\" decoding=\"async\" class=\"stk-img wp-image-862\" src=\"https:\/\/aquariusotel.com\/wp-content\/uploads\/2024\/03\/aquaprincess-team-01.webp\" width=\"1200\" height=\"797\" alt=\"Hotel Aquaprincess Mannschaft\" srcset=\"https:\/\/aquariusotel.com\/wp-content\/uploads\/2024\/03\/aquaprincess-team-01.webp 1200w, https:\/\/aquariusotel.com\/wp-content\/uploads\/2024\/03\/aquaprincess-team-01-300x199.webp 300w, https:\/\/aquariusotel.com\/wp-content\/uploads\/2024\/03\/aquaprincess-team-01-1024x680.webp 1024w, https:\/\/aquariusotel.com\/wp-content\/uploads\/2024\/03\/aquaprincess-team-01-768x510.webp 768w\" sizes=\"auto, (max-width: 1200px) 100vw, 1200px\" \/><\/span><\/figure><\/div>\n\n\n\n<div class=\"wp-block-stackable-heading stk-block-heading stk-block-heading--v2 stk-block stk-2a98c66\" id=\"hakkimizda\" data-block-id=\"2a98c66\"><style>.stk-2a98c66 .stk-block-heading__text{font-size:24px !important}@media screen and (max-width:999px){.stk-2a98c66 .stk-block-heading__text{font-size:24px !important}}<\/style><h1 class=\"stk-block-heading__text\">\u00dcber uns<\/h1><\/div>\n\n\n\n<div class=\"wp-block-stackable-text stk-block-text stk-block stk-a5b0b64\" data-block-id=\"a5b0b64\"><p class=\"stk-block-text__text\">Cappari Hotels wurde 1990 gegr\u00fcndet und bietet seither Dienstleistungen mit einem innovativen Ansatz im Bereich des Hotelmanagements an. Im Laufe der Jahre haben wir uns zum Ziel gesetzt, unseren G\u00e4sten positive Erfahrungen zu bieten und in der Branche Ma\u00dfst\u00e4be zu setzen. Wir bieten Dienstleistungen nur im Beherbergungsgewerbe und mit zwei Betrieben an.<\/p><\/div>\n\n\n\n<div class=\"wp-block-stackable-text stk-block-text stk-block stk-3a91e22\" data-block-id=\"3a91e22\"><p class=\"stk-block-text__text\">Die Zufriedenheit unserer Kunden hat f\u00fcr uns schon immer Priorit\u00e4t, und in dieser Richtung haben wir uns st\u00e4ndig verbessert, um unseren G\u00e4sten einen hochwertigen Service zu bieten. Mit unserem fundierten Wissen und unserer Erfahrung im Bereich des Hotelmanagements sind wir bestrebt, die Erwartungen jedes einzelnen Gastes zu \u00fcbertreffen. <\/p><\/div>\n\n\n\n<div class=\"wp-block-stackable-text stk-block-text stk-block stk-56ad1cf\" data-block-id=\"56ad1cf\"><p class=\"stk-block-text__text\">Um unsere f\u00fchrende Position in der Branche zu halten, investieren wir kontinuierlich und verfolgen die neuesten Technologien und Trends. Gleichzeitig f\u00f6rdern wir umweltfreundliche Praktiken und halten uns an die Grunds\u00e4tze des nachhaltigen Tourismus. <\/p><\/div>\n\n\n\n<div class=\"wp-block-stackable-text stk-block-text stk-block stk-b53f284\" data-block-id=\"b53f284\"><p class=\"stk-block-text__text\">Wir m\u00f6chten, dass sich unsere G\u00e4ste bei uns wie zu Hause f\u00fchlen. Die Mitarbeiter der Cappari Hotels sind bestrebt, jedem unserer G\u00e4ste ein unvergessliches Erlebnis zu bieten, indem sie Gastfreundschaft, Qualit\u00e4t und Sorgfalt miteinander verbinden. <\/p><\/div>\n\n\n\n<div class=\"wp-block-stackable-text stk-block-text stk-block stk-17fd750\" data-block-id=\"17fd750\"><p class=\"stk-block-text__text\">Wir m\u00f6chten, dass Ihr Aufenthalt bei uns nicht nur eine Unterkunft ist, sondern eine angenehme Erinnerung.<\/p><\/div>\n\n\n\n<div class=\"wp-block-stackable-text stk-block-text stk-block stk-b9ef73e\" data-block-id=\"b9ef73e\"><p class=\"stk-block-text__text\">Wir sind hier, um Ihnen spezielle L\u00f6sungen f\u00fcr Ihre Bed\u00fcrfnisse und Ihren Komfort anzubieten. <\/p><\/div>\n\n\n\n<div class=\"wp-block-stackable-text stk-block-text stk-block stk-d22f636\" data-block-id=\"d22f636\"><p class=\"stk-block-text__text\">Als Cappari Hotels <em>w\u00fcrden<\/em> wir uns freuen, Sie bei uns begr\u00fc\u00dfen zu d\u00fcrfen.<\/p><\/div>\n\n\n\n<div class=\"wp-block-stackable-button-group stk-block-button-group stk-block stk-7dd3850\" data-block-id=\"7dd3850\"><div class=\"stk-row stk-inner-blocks has-text-align-center stk-block-content stk-button-group\">\n<div class=\"wp-block-stackable-button stk-block-button stk-block stk-8d884cd\" data-block-id=\"8d884cd\"><style>.stk-8d884cd .stk-button__inner-text{font-weight:500 !important;letter-spacing:2px !important}<\/style><a class=\"stk-link stk-button stk--hover-effect-darken\" href=\"#ct-popup-2274\"><span class=\"stk-button__inner-text\">EINE RESERVIERUNG VORNEHMEN<\/span><\/a><\/div>\n<\/div><\/div>\n","protected":false},"excerpt":{"rendered":"<p>\u00dcber uns Cappari Hotels wurde 1990 gegr\u00fcndet und bietet seither Dienstleistungen mit einem innovativen Ansatz im Bereich des Hotelmanagements an. Im Laufe der Jahre haben wir uns zum Ziel gesetzt, unseren G\u00e4sten positive Erfahrungen zu bieten und in der Branche Ma\u00dfst\u00e4be zu setzen. Wir bieten Dienstleistungen nur im Beherbergungsgewerbe und mit zwei Betrieben an. Die [&hellip;]<\/p>\n","protected":false},"author":2,"featured_media":2366,"parent":0,"menu_order":1,"comment_status":"closed","ping_status":"closed","template":"","meta":{"footnotes":""},"class_list":["post-1725","page","type-page","status-publish","has-post-thumbnail","hentry"],"blocksy_meta":{"has_hero_section":"default","hero_elements":[{"id":"custom_title","enabled":true,"heading_tag":"h1","title":"Home","__id":"gGbQa1Qniw-VWuxGqjkpm"},{"id":"custom_description","enabled":false,"description_visibility":{"desktop":true,"tablet":true,"mobile":false},"__id":"UPloqa110hnyOk4U0H9os"},{"id":"custom_meta","enabled":false,"meta_elements":[{"id":"author","enabled":true,"label":"By","has_author_avatar":"yes","avatar_size":25},{"id":"post_date","enabled":true,"label":"On","date_format_source":"default","date_format":"M j, Y"},{"id":"updated_date","enabled":false,"label":"On","date_format_source":"default","date_format":"M j, Y"},{"id":"categories","enabled":false,"label":"In","style":"simple"},{"id":"comments","enabled":true}],"page_meta_elements":{"joined":true,"articles_count":true,"comments":true},"__id":"l3gsPxNRIWbEIXW2JhzB5"},{"id":"breadcrumbs","enabled":false,"__id":"7BmeAVlCuEiDPDgvGkuMe"},{"id":"content-block","enabled":false,"__id":"-HGHzM556a8R9gGeEZqsZ"}],"styles_descriptor":{"styles":{"desktop":"","tablet":"","mobile":""},"google_fonts":[],"version":6}},"_links":{"self":[{"href":"https:\/\/aquariusotel.com\/de\/wp-json\/wp\/v2\/pages\/1725","targetHints":{"allow":["GET"]}}],"collection":[{"href":"https:\/\/aquariusotel.com\/de\/wp-json\/wp\/v2\/pages"}],"about":[{"href":"https:\/\/aquariusotel.com\/de\/wp-json\/wp\/v2\/types\/page"}],"author":[{"embeddable":true,"href":"https:\/\/aquariusotel.com\/de\/wp-json\/wp\/v2\/users\/2"}],"replies":[{"embeddable":true,"href":"https:\/\/aquariusotel.com\/de\/wp-json\/wp\/v2\/comments?post=1725"}],"version-history":[{"count":0,"href":"https:\/\/aquariusotel.com\/de\/wp-json\/wp\/v2\/pages\/1725\/revisions"}],"wp:featuredmedia":[{"embeddable":true,"href":"https:\/\/aquariusotel.com\/de\/wp-json\/wp\/v2\/media\/2366"}],"wp:attachment":[{"href":"https:\/\/aquariusotel.com\/de\/wp-json\/wp\/v2\/media?parent=1725"}],"curies":[{"name":"wp","href":"https:\/\/api.w.org\/{rel}","templated":true}]}}