{"id":1792,"date":"2023-12-21T21:47:12","date_gmt":"2023-12-21T18:47:12","guid":{"rendered":"https:\/\/aquariusotel.com\/ueber-kas\/"},"modified":"2024-05-28T17:39:27","modified_gmt":"2024-05-28T14:39:27","slug":"ueber-kas","status":"publish","type":"page","link":"https:\/\/aquariusotel.com\/de\/ueber-kas\/","title":{"rendered":"\u00dcber Kas"},"content":{"rendered":"\n<div class=\"wp-block-stackable-columns alignfull stk-block-columns stk-block stk-09ceb33 stk-block-background stk--has-background-overlay\" data-block-id=\"09ceb33\"><style>.stk-09ceb33{background-image:url(https:\/\/aquariusotel.com\/wp-content\/uploads\/2023\/12\/kas-hakkinda-01.webp) !important;min-height:90vh !important;align-items:center !important;margin-bottom:50px !important;display:flex !important}@media screen and (max-width:689px){.stk-09ceb33{min-height:450px !important}}<\/style><div class=\"stk-row stk-inner-blocks stk-block-content stk-content-align stk-09ceb33-column alignfull\">\n<div class=\"wp-block-stackable-column stk-block-column stk-column stk-block stk-be7f505\" data-v=\"4\" data-block-id=\"be7f505\"><div class=\"stk-column-wrapper stk-block-column__content stk-container stk-be7f505-container stk--no-background stk--no-padding\"><div class=\"stk-block-content stk-inner-blocks stk-be7f505-inner-blocks\">\n<div class=\"wp-block-stackable-heading stk-block-heading stk-block-heading--v2 stk-block stk-62345ee\" id=\"kas-hakkinda\" data-block-id=\"62345ee\"><style>.stk-62345ee .stk-block-heading__text{text-shadow:0px 0px 4px #000000ff !important;color:#fbff05 !important}<\/style><h1 class=\"stk-block-heading__text has-text-color has-text-align-center\">\u00dcber Kas<\/h1><\/div>\n<\/div><\/div><\/div>\n<\/div><\/div>\n\n\n\n<div class=\"wp-block-stackable-text stk-block-text stk-block stk-0c76b55\" data-block-id=\"0c76b55\"><p class=\"stk-block-text__text\">Ka\u015f, einer der unber\u00fchrten Badeorte am Mittelmeer, ist eine charmante Hafenstadt an der K\u00fcste zwischen Antalya und Fethiye. Im Westen, wo die steilen H\u00e4nge des Taurusgebirges auf das Meer treffen, ist sie von Halbinseln, kleinen Inseln und der Nachbarinsel Meis umgeben. <\/p><\/div>\n\n\n\n<div class=\"wp-block-stackable-text stk-block-text stk-block stk-ba27353\" data-block-id=\"ba27353\"><p class=\"stk-block-text__text\">Kas wurde im 2. Jahrhundert v. Chr. gegr\u00fcndet. Es wird vermutet, dass der Name der Stadt zur Jahrtausendwende Habessos lautete. Laut einer in der Stadt gefundenen Inschrift, die in zwei verschiedenen Sprachen verfasst ist, wurde die Stadt in der Antike auf Antiphellos, der alten Hafenstadt der Region Zentral-Lykien, gegr\u00fcndet. 20. Bis Anfang des Jahrhunderts hie\u00df sie Andifli. Dank des aus den W\u00e4ldern der Region gewonnenen Zedernholzes, des Eichelhandels und der Schwammfischerei hat sie sich zu einer reichen Selbstversorgerstadt entwickelt. <\/p><\/div>\n\n\n\n<div class=\"wp-block-stackable-text stk-block-text stk-block stk-4391b90\" data-block-id=\"4391b90\"><p class=\"stk-block-text__text\">Eines der bemerkenswertesten Denkm\u00e4ler unter den historischen Ruinen von Ka\u015f ist ein Sarkophag aus dem 4. Jahrhundert v. Chr. in der Uzun \u00c7ar\u015f\u0131-Stra\u00dfe. Bei einem Spaziergang durch die Stadt kann man viele Felsengr\u00e4ber, Sarkophage und Grabmonumente, die &#8222;Mausoleion&#8220; genannt werden, entdecken. <\/p><\/div>\n\n\n\n<div class=\"wp-block-stackable-text stk-block-text stk-block stk-ab040e0\" data-block-id=\"ab040e0\"><p class=\"stk-block-text__text\">Auf der der Insel Meis zugewandten Seite der als Akropolis bezeichneten Erhebung sind die bis heute erhaltenen Reste der Festungsmauern zu sehen. Im Westen der Stadt ist das Theater von Antiphellos aus der hellenistischen Zeit noch recht gut erhalten. <\/p><\/div>\n\n\n\n<div class=\"wp-block-stackable-text stk-block-text stk-block stk-d5092d5\" data-block-id=\"d5092d5\"><p class=\"stk-block-text__text\">Kas ist neben seinen historischen Denkm\u00e4lern auch ein Naturparadies: Die Str\u00e4nde B\u00fcy\u00fck \u00c7ak\u0131l, K\u00fc\u00e7\u00fck \u00c7ak\u0131l, Ak\u00e7agerme und Kaputa\u015f an der Stra\u00dfe nach Kalkan sind Orte, an denen man sich im klaren Wasser abk\u00fchlen kann. Nicht zu vergessen sind die antike Stadt Sebeda und der Limana\u011fz\u0131-Strand, der zweite Hafen von Antiphellos, der nur \u00fcber das Meer und zu Fu\u00df erreichbar ist. Sie k\u00f6nnen mit dem Boot nach Kekova (Simena) fahren, wo sich Natur und Geschichte vereinen, oder Sie k\u00f6nnen auf dem Landweg nach \u00dc\u00e7a\u011f\u0131z (Theimioussa) fahren und dann mit dem Motorrad oder dem Seekajak die versunkene Stadt und die perlenartigen Buchten besuchen. Unter den H\u00f6hlen in der Umgebung von Ka\u015f sind die Blaue H\u00f6hle, die A\u015f\u0131rl\u0131-Insel-Meeresh\u00f6hle, die Kekova-Insel-Meeresh\u00f6hle, die G\u00fcvercinlik-H\u00f6hle, die f\u00fcr ihre Tauben ber\u00fchmt ist, die H\u0131drellez-H\u00f6hle mit ihren haarlosen Flederm\u00e4usen und den \u00dcberresten der Ayazma bemerkenswert. <\/p><\/div>\n\n\n\n<div class=\"wp-block-stackable-text stk-block-text stk-block stk-415e2bb\" data-block-id=\"415e2bb\"><p class=\"stk-block-text__text\">Ka\u015f, dessen Interesse als Zentrum f\u00fcr Naturaktivit\u00e4ten von Tag zu Tag zunimmt, ist auf dem besten Weg, das wichtigste Tauchzentrum des Mittelmeers zu werden. Sie verdient diese Aufmerksamkeit mit ihrer variablen K\u00fcstenstruktur, antiken Schiffswracks und Amphoren, modernen Schiffs- und Flugzeugwracks, Riffen, Schluchten und H\u00f6hlen, einer reichhaltigen Fauna und Flora, den meisten Sperrgebieten, die zum Tauchen freigegeben sind, keinen starken Str\u00f6mungen und einem klaren, t\u00fcrkisfarbenen Meer. <\/p><\/div>\n\n\n\n<div class=\"wp-block-stackable-text stk-block-text stk-block stk-98e5fc3\" data-block-id=\"98e5fc3\"><p class=\"stk-block-text__text\">Die Region bietet auch spannende M\u00f6glichkeiten f\u00fcr diejenigen, die Kanu fahren wollen, eine der beliebtesten Wassersportarten der letzten Jahre. Kajakfahren auf dem Meer wird in den einzigartigen Buchten von Ka\u015f (Antiphellos-Sebeda) und Kekova (Theimioussa-Simena) praktiziert, die mit historischen und nat\u00fcrlichen Sch\u00f6nheiten geschm\u00fcckt sind, und Kajakfahren auf den Fl\u00fcssen E\u015fen und Dalaman mit ihren ruhig flie\u00dfenden Gew\u00e4ssern. <\/p><\/div>\n\n\n\n<div class=\"wp-block-stackable-text stk-block-text stk-block stk-bacc3e5\" data-block-id=\"bacc3e5\"><p class=\"stk-block-text__text\">Ka\u015f ist auch in Bezug auf die klimatischen Bedingungen und die Landformen sehr g\u00fcnstig f\u00fcr das Gleitschirmfliegen. Paragliding-Enthusiasten k\u00f6nnen sich am Ufer des klaren Wassers mit Blick auf den herrlichen Kas-Archipel zur\u00fccklehnen, w\u00e4hrend sie in Begleitung erfahrener Fluglehrer \u00fcber die gr\u00fcnen Berge schweben.<\/p><\/div>\n\n\n<div  id=\"jtg-517\" class=\"modula modula-gallery modula-creative-gallery\" data-config=\"{&quot;height&quot;:800,&quot;tabletHeight&quot;:800,&quot;mobileHeight&quot;:800,&quot;desktopHeight&quot;:800,&quot;enableTwitter&quot;:false,&quot;enableWhatsapp&quot;:false,&quot;enableFacebook&quot;:false,&quot;enablePinterest&quot;:false,&quot;enableLinkedin&quot;:false,&quot;enableEmail&quot;:false,&quot;randomFactor&quot;:0.5,&quot;type&quot;:&quot;creative-gallery&quot;,&quot;columns&quot;:12,&quot;gutter&quot;:10,&quot;mobileGutter&quot;:10,&quot;tabletGutter&quot;:10,&quot;desktopGutter&quot;:10,&quot;enableResponsive&quot;:&quot;0&quot;,&quot;tabletColumns&quot;:&quot;2&quot;,&quot;mobileColumns&quot;:&quot;1&quot;,&quot;lazyLoad&quot;:0,&quot;lightboxOpts&quot;:{&quot;animated&quot;:true,&quot;Thumbs&quot;:{&quot;type&quot;:&quot;modern&quot;,&quot;showOnStart&quot;:false},&quot;Toolbar&quot;:{&quot;display&quot;:{&quot;right&quot;:[&quot;close&quot;]},&quot;enabled&quot;:true},&quot;Carousel&quot;:{&quot;Panzoom&quot;:{&quot;touch&quot;:true},&quot;infinite&quot;:false},&quot;keyboard&quot;:{&quot;Escape&quot;:&quot;close&quot;,&quot;Delete&quot;:&quot;close&quot;,&quot;Backspace&quot;:&quot;close&quot;,&quot;PageUp&quot;:false,&quot;PageDown&quot;:false,&quot;ArrowUp&quot;:false,&quot;ArrowDown&quot;:false,&quot;ArrowRight&quot;:false,&quot;ArrowLeft&quot;:false},&quot;touch&quot;:false,&quot;backdropClick&quot;:false,&quot;l10n&quot;:{&quot;CLOSE&quot;:&quot;Schlie\\u00dfen&quot;,&quot;NEXT&quot;:&quot;Weiter&quot;,&quot;PREV&quot;:&quot;Zur\\u00fcck&quot;,&quot;Error&quot;:&quot;Der angeforderte Inhalt kann nicht geladen werden. Bitte versuche es sp\\u00e4ter noch einmal.&quot;,&quot;PLAY_START&quot;:&quot;Slideshow starten&quot;,&quot;PLAY_STOP&quot;:&quot;Slideshow anhalten&quot;,&quot;FULL_SCREEN&quot;:&quot;Vollbild&quot;,&quot;THUMBS&quot;:&quot;Vorschaubilder&quot;,&quot;DOWNLOAD&quot;:&quot;Download&quot;,&quot;SHARE&quot;:&quot;Teilen&quot;,&quot;ZOOM&quot;:&quot;Vergr\\u00f6\\u00dfern&quot;,&quot;EMAIL&quot;:&quot;Hier ist der Link zum Bild: %%image_link%% und hier ist der Link zur Galerie: %%gallery_link%%&quot;,&quot;MODAL&quot;:&quot;Du kannst diesen Modal-Inhalt mit der ESC-Taste schlie\\u00dfen&quot;,&quot;ERROR&quot;:&quot;Es ist ein Fehler aufgetreten. Bitte versuche es sp\\u00e4ter noch einmal&quot;,&quot;IMAGE_ERROR&quot;:&quot;Bild nicht gefunden&quot;,&quot;ELEMENT_NOT_FOUND&quot;:&quot;HTML-Element nicht gefunden&quot;,&quot;AJAX_NOT_FOUND&quot;:&quot;Fehler beim Laden von AJAX: Nicht gefunden&quot;,&quot;AJAX_FORBIDDEN&quot;:&quot;Fehler beim Laden von AJAX: Zugriff verweigert&quot;,&quot;IFRAME_ERROR&quot;:&quot;Fehler beim Laden der Seite&quot;,&quot;TOGGLE_ZOOM&quot;:&quot;Zoomstufe umschalten&quot;,&quot;TOGGLE_THUMBS&quot;:&quot;Miniaturansichten ein-\\\/ausblenden&quot;,&quot;TOGGLE_SLIDESHOW&quot;:&quot;Diashow ein-\\\/ausschalten&quot;,&quot;TOGGLE_FULLSCREEN&quot;:&quot;Vollbildmodus umschalten&quot;},&quot;Images&quot;:{&quot;Panzoom&quot;:{&quot;maxScale&quot;:2}},&quot;mainClass&quot;:&quot;modula-fancybox-container modula-lightbox-jtg-517&quot;,&quot;Html&quot;:{&quot;videoAutoplay&quot;:0,&quot;videoTpl&quot;:&quot;&lt;video class=\\&quot;fancybox__html5video\\&quot; controls muted playsinline controlsList controlsList=\\&quot;nodownload\\&quot; poster=\\&quot;{{poster}}\\&quot; src=\\&quot;{{src}}\\&quot; type=\\&quot;{{format}}\\&quot; &gt;  Sorry, your browser doesn&#039;t support embedded videos, &lt;a href=\\&quot;{{src}}\\&quot;&gt; download &lt;\\\/a&gt; and watch with your favorite video player! &lt;\\\/video&gt;&quot;}},&quot;inView&quot;:false,&quot;email_subject&quot;:&quot;Check out this awesome image !!&quot;,&quot;email_message&quot;:&quot;Here is the link to the image : %%image_link%% and this is the link to the gallery : %%gallery_link%%&quot;,&quot;lightbox&quot;:&quot;fancybox&quot;}\">\n\n\t\n\t<div  class=\"modula-items\">\n\t\t<div class=\"modula-item effect-pufrobo\" >\n\t<div class=\"modula-item-overlay\"><\/div>\n\n\t<div class=\"modula-item-content\">\n\n\t\t<a data-image-id=\"518\" role=\"button\" tabindex=\"0\" rel=\"jtg-517\" data-caption=\"\" aria-label=\"Bilder in Lightbox \u00f6ffnen\" class=\"tile-inner modula-item-link\"><\/a><img loading=\"lazy\" decoding=\"async\" class=\"pic wp-image-518\"  data-valign=\"middle\" data-halign=\"center\" alt=\"Ka\u015f Hakk\u0131nda\" data-full=\"https:\/\/aquariusotel.com\/wp-content\/uploads\/2023\/12\/kas-hakkinda-06.webp\" title=\"Ka\u015f Hakk\u0131nda\" crop=\"\" width=\"1280\" height=\"1707\" src=\"https:\/\/aquariusotel.com\/wp-content\/uploads\/2023\/12\/kas-hakkinda-06.webp\" data-src=\"https:\/\/aquariusotel.com\/wp-content\/uploads\/2023\/12\/kas-hakkinda-06.webp\" data-caption=\"\" srcset=\"https:\/\/aquariusotel.com\/wp-content\/uploads\/2023\/12\/kas-hakkinda-06.webp 1280w, https:\/\/aquariusotel.com\/wp-content\/uploads\/2023\/12\/kas-hakkinda-06-225x300.webp 225w, https:\/\/aquariusotel.com\/wp-content\/uploads\/2023\/12\/kas-hakkinda-06-768x1024.webp 768w, https:\/\/aquariusotel.com\/wp-content\/uploads\/2023\/12\/kas-hakkinda-06-1152x1536.webp 1152w\" sizes=\"auto, (max-width: 1280px) 100vw, 1280px\" \/>\n\t\t<div class=\"figc no-description\">\n\t\t\t<div class=\"figc-inner\">\n\t\t\t\t\t\t\t\t\t\t\t\t\t\t\t<\/div>\n\t\t<\/div>\n\n\t<\/div>\n\n<\/div><div class=\"modula-item effect-pufrobo\" >\n\t<div class=\"modula-item-overlay\"><\/div>\n\n\t<div class=\"modula-item-content\">\n\n\t\t<a data-image-id=\"519\" role=\"button\" tabindex=\"0\" rel=\"jtg-517\" data-caption=\"\" aria-label=\"Bilder in Lightbox \u00f6ffnen\" class=\"tile-inner modula-item-link\"><\/a><img loading=\"lazy\" decoding=\"async\" class=\"pic wp-image-519\"  data-valign=\"middle\" data-halign=\"center\" alt=\"Ka\u015f Hakk\u0131nda\" data-full=\"https:\/\/aquariusotel.com\/wp-content\/uploads\/2023\/12\/kas-hakkinda-01-1.webp\" title=\"Ka\u015f Hakk\u0131nda\" crop=\"\" width=\"1280\" height=\"941\" src=\"https:\/\/aquariusotel.com\/wp-content\/uploads\/2023\/12\/kas-hakkinda-01-1.webp\" data-src=\"https:\/\/aquariusotel.com\/wp-content\/uploads\/2023\/12\/kas-hakkinda-01-1.webp\" data-caption=\"\" srcset=\"https:\/\/aquariusotel.com\/wp-content\/uploads\/2023\/12\/kas-hakkinda-01-1.webp 1280w, https:\/\/aquariusotel.com\/wp-content\/uploads\/2023\/12\/kas-hakkinda-01-1-300x221.webp 300w, https:\/\/aquariusotel.com\/wp-content\/uploads\/2023\/12\/kas-hakkinda-01-1-1024x753.webp 1024w, https:\/\/aquariusotel.com\/wp-content\/uploads\/2023\/12\/kas-hakkinda-01-1-768x565.webp 768w\" sizes=\"auto, (max-width: 1280px) 100vw, 1280px\" \/>\n\t\t<div class=\"figc no-description\">\n\t\t\t<div class=\"figc-inner\">\n\t\t\t\t\t\t\t\t\t\t\t\t\t\t\t<\/div>\n\t\t<\/div>\n\n\t<\/div>\n\n<\/div><div class=\"modula-item effect-pufrobo\" >\n\t<div class=\"modula-item-overlay\"><\/div>\n\n\t<div class=\"modula-item-content\">\n\n\t\t<a data-image-id=\"520\" role=\"button\" tabindex=\"0\" rel=\"jtg-517\" data-caption=\"\" aria-label=\"Bilder in Lightbox \u00f6ffnen\" class=\"tile-inner modula-item-link\"><\/a><img loading=\"lazy\" decoding=\"async\" class=\"pic wp-image-520\"  data-valign=\"middle\" data-halign=\"center\" alt=\"Ka\u015f Hakk\u0131nda\" data-full=\"https:\/\/aquariusotel.com\/wp-content\/uploads\/2023\/12\/kas-hakkinda-02.webp\" title=\"Ka\u015f Hakk\u0131nda\" crop=\"\" width=\"1280\" height=\"853\" src=\"https:\/\/aquariusotel.com\/wp-content\/uploads\/2023\/12\/kas-hakkinda-02.webp\" data-src=\"https:\/\/aquariusotel.com\/wp-content\/uploads\/2023\/12\/kas-hakkinda-02.webp\" data-caption=\"\" srcset=\"https:\/\/aquariusotel.com\/wp-content\/uploads\/2023\/12\/kas-hakkinda-02.webp 1280w, https:\/\/aquariusotel.com\/wp-content\/uploads\/2023\/12\/kas-hakkinda-02-300x200.webp 300w, https:\/\/aquariusotel.com\/wp-content\/uploads\/2023\/12\/kas-hakkinda-02-1024x682.webp 1024w, https:\/\/aquariusotel.com\/wp-content\/uploads\/2023\/12\/kas-hakkinda-02-768x512.webp 768w\" sizes=\"auto, (max-width: 1280px) 100vw, 1280px\" \/>\n\t\t<div class=\"figc no-description\">\n\t\t\t<div class=\"figc-inner\">\n\t\t\t\t\t\t\t\t\t\t\t\t\t\t\t<\/div>\n\t\t<\/div>\n\n\t<\/div>\n\n<\/div><div class=\"modula-item effect-pufrobo\" >\n\t<div class=\"modula-item-overlay\"><\/div>\n\n\t<div class=\"modula-item-content\">\n\n\t\t<a data-image-id=\"521\" role=\"button\" tabindex=\"0\" rel=\"jtg-517\" data-caption=\"\" aria-label=\"Bilder in Lightbox \u00f6ffnen\" class=\"tile-inner modula-item-link\"><\/a><img loading=\"lazy\" decoding=\"async\" class=\"pic wp-image-521\"  data-valign=\"middle\" data-halign=\"center\" alt=\"Ka\u015f Hakk\u0131nda\" data-full=\"https:\/\/aquariusotel.com\/wp-content\/uploads\/2023\/12\/kas-hakkinda-03.webp\" title=\"Ka\u015f Hakk\u0131nda\" crop=\"\" width=\"1280\" height=\"561\" src=\"https:\/\/aquariusotel.com\/wp-content\/uploads\/2023\/12\/kas-hakkinda-03.webp\" data-src=\"https:\/\/aquariusotel.com\/wp-content\/uploads\/2023\/12\/kas-hakkinda-03.webp\" data-caption=\"\" srcset=\"https:\/\/aquariusotel.com\/wp-content\/uploads\/2023\/12\/kas-hakkinda-03.webp 1280w, https:\/\/aquariusotel.com\/wp-content\/uploads\/2023\/12\/kas-hakkinda-03-300x131.webp 300w, https:\/\/aquariusotel.com\/wp-content\/uploads\/2023\/12\/kas-hakkinda-03-1024x449.webp 1024w, https:\/\/aquariusotel.com\/wp-content\/uploads\/2023\/12\/kas-hakkinda-03-768x337.webp 768w\" sizes=\"auto, (max-width: 1280px) 100vw, 1280px\" \/>\n\t\t<div class=\"figc no-description\">\n\t\t\t<div class=\"figc-inner\">\n\t\t\t\t\t\t\t\t\t\t\t\t\t\t\t<\/div>\n\t\t<\/div>\n\n\t<\/div>\n\n<\/div><div class=\"modula-item effect-pufrobo\" >\n\t<div class=\"modula-item-overlay\"><\/div>\n\n\t<div class=\"modula-item-content\">\n\n\t\t<a data-image-id=\"522\" role=\"button\" tabindex=\"0\" rel=\"jtg-517\" data-caption=\"\" aria-label=\"Bilder in Lightbox \u00f6ffnen\" class=\"tile-inner modula-item-link\"><\/a><img loading=\"lazy\" decoding=\"async\" class=\"pic wp-image-522\"  data-valign=\"middle\" data-halign=\"center\" alt=\"Ka\u015f Hakk\u0131nda\" data-full=\"https:\/\/aquariusotel.com\/wp-content\/uploads\/2023\/12\/kas-hakkinda-04.webp\" title=\"Ka\u015f Hakk\u0131nda\" crop=\"\" width=\"1280\" height=\"899\" src=\"https:\/\/aquariusotel.com\/wp-content\/uploads\/2023\/12\/kas-hakkinda-04.webp\" data-src=\"https:\/\/aquariusotel.com\/wp-content\/uploads\/2023\/12\/kas-hakkinda-04.webp\" data-caption=\"\" srcset=\"https:\/\/aquariusotel.com\/wp-content\/uploads\/2023\/12\/kas-hakkinda-04.webp 1280w, https:\/\/aquariusotel.com\/wp-content\/uploads\/2023\/12\/kas-hakkinda-04-300x211.webp 300w, https:\/\/aquariusotel.com\/wp-content\/uploads\/2023\/12\/kas-hakkinda-04-1024x719.webp 1024w, https:\/\/aquariusotel.com\/wp-content\/uploads\/2023\/12\/kas-hakkinda-04-768x539.webp 768w\" sizes=\"auto, (max-width: 1280px) 100vw, 1280px\" \/>\n\t\t<div class=\"figc no-description\">\n\t\t\t<div class=\"figc-inner\">\n\t\t\t\t\t\t\t\t\t\t\t\t\t\t\t<\/div>\n\t\t<\/div>\n\n\t<\/div>\n\n<\/div><div class=\"modula-item effect-pufrobo\" >\n\t<div class=\"modula-item-overlay\"><\/div>\n\n\t<div class=\"modula-item-content\">\n\n\t\t<a data-image-id=\"523\" role=\"button\" tabindex=\"0\" rel=\"jtg-517\" data-caption=\"\" aria-label=\"Bilder in Lightbox \u00f6ffnen\" class=\"tile-inner modula-item-link\"><\/a><img loading=\"lazy\" decoding=\"async\" class=\"pic wp-image-523\"  data-valign=\"middle\" data-halign=\"center\" alt=\"Ka\u015f Hakk\u0131nda\" data-full=\"https:\/\/aquariusotel.com\/wp-content\/uploads\/2023\/12\/kas-hakkinda-05.webp\" title=\"Ka\u015f Hakk\u0131nda\" crop=\"\" width=\"1280\" height=\"1707\" src=\"https:\/\/aquariusotel.com\/wp-content\/uploads\/2023\/12\/kas-hakkinda-05.webp\" data-src=\"https:\/\/aquariusotel.com\/wp-content\/uploads\/2023\/12\/kas-hakkinda-05.webp\" data-caption=\"\" srcset=\"https:\/\/aquariusotel.com\/wp-content\/uploads\/2023\/12\/kas-hakkinda-05.webp 1280w, https:\/\/aquariusotel.com\/wp-content\/uploads\/2023\/12\/kas-hakkinda-05-225x300.webp 225w, https:\/\/aquariusotel.com\/wp-content\/uploads\/2023\/12\/kas-hakkinda-05-768x1024.webp 768w, https:\/\/aquariusotel.com\/wp-content\/uploads\/2023\/12\/kas-hakkinda-05-1152x1536.webp 1152w\" sizes=\"auto, (max-width: 1280px) 100vw, 1280px\" \/>\n\t\t<div class=\"figc no-description\">\n\t\t\t<div class=\"figc-inner\">\n\t\t\t\t\t\t\t\t\t\t\t\t\t\t\t<\/div>\n\t\t<\/div>\n\n\t<\/div>\n\n<\/div>\t\t\n\t<\/div>\n\n\t\n\t\n\t<script type=\"application\/ld+json\">\n\t{\n\t\t\"@context\": \"http:\/\/schema.org\",\n\t\t\"@type\"   : \"ImageGallery\",\n\t\t\"id\"      : \"https:\/\/aquariusotel.com\/de\/ueber-kas\/\",\n\t\t\"url\"     : \"https:\/\/aquariusotel.com\/de\/ueber-kas\/\"\n\t}\n\n\t<\/script>\n\n\t\n<\/div>\n\n\n\n<div class=\"wp-block-stackable-button-group stk-block-button-group stk-block stk-7dd3850\" data-block-id=\"7dd3850\"><div class=\"stk-row stk-inner-blocks has-text-align-center stk-block-content stk-button-group\">\n<div class=\"wp-block-stackable-button stk-block-button stk-block stk-8d884cd\" data-block-id=\"8d884cd\"><style>.stk-8d884cd .stk-button__inner-text{font-weight:500 !important;letter-spacing:2px !important}<\/style><a class=\"stk-link stk-button stk--hover-effect-darken\" href=\"#ct-popup-2274\"><span class=\"stk-button__inner-text\">EINE RESERVIERUNG VORNEHMEN<\/span><\/a><\/div>\n<\/div><\/div>\n","protected":false},"excerpt":{"rendered":"<p>\u00dcber Kas Ka\u015f, einer der unber\u00fchrten Badeorte am Mittelmeer, ist eine charmante Hafenstadt an der K\u00fcste zwischen Antalya und Fethiye. Im Westen, wo die steilen H\u00e4nge des Taurusgebirges auf das Meer treffen, ist sie von Halbinseln, kleinen Inseln und der Nachbarinsel Meis umgeben. Kas wurde im 2. Jahrhundert v. Chr. gegr\u00fcndet. Es wird vermutet, dass [&hellip;]<\/p>\n","protected":false},"author":2,"featured_media":2400,"parent":0,"menu_order":8,"comment_status":"closed","ping_status":"closed","template":"","meta":{"footnotes":""},"class_list":["post-1792","page","type-page","status-publish","has-post-thumbnail","hentry"],"blocksy_meta":{"has_hero_section":"disabled","vertical_spacing_source":"custom","content_area_spacing":"bottom","styles_descriptor":{"styles":{"desktop":"","tablet":"","mobile":""},"google_fonts":[],"version":6}},"_links":{"self":[{"href":"https:\/\/aquariusotel.com\/de\/wp-json\/wp\/v2\/pages\/1792","targetHints":{"allow":["GET"]}}],"collection":[{"href":"https:\/\/aquariusotel.com\/de\/wp-json\/wp\/v2\/pages"}],"about":[{"href":"https:\/\/aquariusotel.com\/de\/wp-json\/wp\/v2\/types\/page"}],"author":[{"embeddable":true,"href":"https:\/\/aquariusotel.com\/de\/wp-json\/wp\/v2\/users\/2"}],"replies":[{"embeddable":true,"href":"https:\/\/aquariusotel.com\/de\/wp-json\/wp\/v2\/comments?post=1792"}],"version-history":[{"count":0,"href":"https:\/\/aquariusotel.com\/de\/wp-json\/wp\/v2\/pages\/1792\/revisions"}],"wp:featuredmedia":[{"embeddable":true,"href":"https:\/\/aquariusotel.com\/de\/wp-json\/wp\/v2\/media\/2400"}],"wp:attachment":[{"href":"https:\/\/aquariusotel.com\/de\/wp-json\/wp\/v2\/media?parent=1792"}],"curies":[{"name":"wp","href":"https:\/\/api.w.org\/{rel}","templated":true}]}}