{"id":1795,"date":"2024-03-02T19:08:26","date_gmt":"2024-03-02T16:08:26","guid":{"rendered":"https:\/\/aquariusotel.com\/unbedingt-sehenswerte-orte-in-kas\/"},"modified":"2024-05-28T17:41:19","modified_gmt":"2024-05-28T14:41:19","slug":"unbedingt-sehenswerte-orte-in-kas","status":"publish","type":"page","link":"https:\/\/aquariusotel.com\/de\/unbedingt-sehenswerte-orte-in-kas\/","title":{"rendered":"Unbedingt sehenswerte Orte in Kas"},"content":{"rendered":"\n<div class=\"wp-block-stackable-heading stk-block-heading stk-block-heading--v2 stk-block stk-2e513f6\" id=\"kekova-adasi-ve-kalekoy\" data-block-id=\"2e513f6\"><style>.stk-2e513f6{margin-bottom:10px !important}.stk-2e513f6 .stk-block-heading__text{font-size:24px !important;font-weight:600 !important}@media screen and (max-width:999px){.stk-2e513f6 .stk-block-heading__text{font-size:24px !important}}<\/style><h2 class=\"stk-block-heading__text has-text-align-center-mobile\">Insel Kekova und Kalekoy<\/h2><\/div>\n\n<div class=\"wp-block-stackable-columns stk-block-columns stk-block stk-994d75d\" data-block-id=\"994d75d\"><style>.stk-994d75d{margin-bottom:0px !important}@media screen and (max-width:689px){.stk-994d75d{--stk-col-order-1:2 !important;--stk-col-order-2:1 !important}}<\/style><div class=\"stk-row stk-inner-blocks stk-block-content stk-content-align stk-994d75d-column\">\n<div class=\"wp-block-stackable-column stk-block-column stk-column stk-block stk-58b8156\" data-v=\"4\" data-block-id=\"58b8156\"><style>.stk-58b8156-container{margin-left:0px !important}.stk-58b8156-inner-blocks{justify-content:center !important}@media screen and (max-width:689px){.stk-58b8156-container{margin-left:8px !important}}<\/style><div class=\"stk-column-wrapper stk-block-column__content stk-container stk-58b8156-container stk--no-background stk--no-padding\"><div class=\"stk--column-flex stk-block-content stk-inner-blocks stk-58b8156-inner-blocks\">\n<div class=\"wp-block-stackable-text stk-block-text stk-block stk-6daaf26\" data-block-id=\"6daaf26\"><p class=\"stk-block-text__text\">Kekova ist eine Stadt im Bezirk Demre in der Provinz Antalya und eine Region mit einem herrlichen Natur- und Geschichtsgebiet, das auch ihren Namen tr\u00e4gt. Kekova ist ber\u00fchmt f\u00fcr seine spektakul\u00e4re Aussicht auf das Mittelmeer und vor allem f\u00fcr seine historischen Reicht\u00fcmer. Die Region bietet ihren Besuchern ein einzigartiges Erlebnis mit ihren Natursch\u00f6nheiten, antiken Stadtruinen, versunkenen St\u00e4dten aus vergangenen Jahrhunderten und einem sauberen Meer.<\/p><\/div>\n\n\n\n<div class=\"wp-block-stackable-text stk-block-text stk-block stk-bfe81fe\" data-block-id=\"bfe81fe\"><p class=\"stk-block-text__text\">Eines der bekanntesten Merkmale von Kekova sind die Ruinen der antiken Stadt rund um die Insel, die unter Wasser liegen. Besonders die antike Stadt Simena bietet eine faszinierende historische Reise f\u00fcr Besucher von Kekova. Es gibt Gr\u00e4ber, Mauern, Theaterruinen und viele andere historische Denkm\u00e4ler, die Hunderte von Jahren alt sind. Kekova kann auf zwei Arten erreicht werden. Bootstouren vom Meer aus; (Die Boote fahren um 10:00 Uhr ab und folgen einer Tourroute, die sich \u00fcber den ganzen Tag erstreckt. Die Tour dauert etwa acht Stunden. Wenn Sie es w\u00fcnschen, kann die Hotelrezeption eine Reservierung f\u00fcr Sie vornehmen)<\/p><\/div>\n<\/div><\/div><\/div>\n\n\n\n<div class=\"wp-block-stackable-column stk-block-column stk-column stk-block stk-812a891\" data-v=\"4\" data-block-id=\"812a891\"><style>.stk-812a891-inner-blocks{justify-content:center !important}<\/style><div class=\"stk-column-wrapper stk-block-column__content stk-container stk-812a891-container stk--no-background stk--no-padding\"><div class=\"stk--column-flex stk-block-content stk-inner-blocks stk-812a891-inner-blocks\">\n<div class=\"wp-block-stackable-image stk-block-image stk-block stk-57c1bd5\" data-block-id=\"57c1bd5\"><figure><span class=\"stk-img-wrapper stk-image--shape-stretch\"><img loading=\"lazy\" decoding=\"async\" class=\"stk-img wp-image-1433\" src=\"https:\/\/aquariusotel.com\/wp-content\/uploads\/2024\/03\/kekova-01.webp\" width=\"1200\" height=\"800\" alt=\"Kekova\" srcset=\"https:\/\/aquariusotel.com\/wp-content\/uploads\/2024\/03\/kekova-01.webp 1200w, https:\/\/aquariusotel.com\/wp-content\/uploads\/2024\/03\/kekova-01-300x200.webp 300w, https:\/\/aquariusotel.com\/wp-content\/uploads\/2024\/03\/kekova-01-1024x683.webp 1024w, https:\/\/aquariusotel.com\/wp-content\/uploads\/2024\/03\/kekova-01-768x512.webp 768w\" sizes=\"auto, (max-width: 1200px) 100vw, 1200px\" \/><\/span><\/figure><\/div>\n<\/div><\/div><\/div>\n<\/div><\/div>\n\n<div class=\"wp-block-stackable-text stk-block-text stk-block stk-3646467\" data-block-id=\"3646467\"><style>@media screen and (max-width:689px){.stk-3646467{margin-left:30px !important}}<\/style><p class=\"stk-block-text__text\">Auf dem Landweg: Die Entfernung betr\u00e4gt 36 km, und wer ein eigenes Fahrzeug hat, kann der Stra\u00dfenroute in Richtung Antalya folgen und dann die Abzweigung Kekova erreichen. Das Dorf \u00dc\u00e7a\u011f\u0131z ist der Zielort. Sie k\u00f6nnen die Region mit t\u00e4glichen Bootstouren erkunden.<\/p><\/div>\n\n<div class=\"wp-block-stackable-heading stk-block-heading stk-block-heading--v2 stk-block stk-0db4dd2\" id=\"meis-adasi\" data-block-id=\"0db4dd2\"><style>.stk-0db4dd2{margin-top:30px !important;margin-bottom:10px !important}.stk-0db4dd2 .stk-block-heading__text{font-size:24px !important;font-weight:600 !important}@media screen and (max-width:999px){.stk-0db4dd2 .stk-block-heading__text{font-size:24px !important}}<\/style><h2 class=\"stk-block-heading__text has-text-align-center-mobile\">Insel Meis<\/h2><\/div>\n\n<div class=\"wp-block-stackable-columns stk-block-columns stk-block stk-795c9cd\" data-block-id=\"795c9cd\"><style>.stk-795c9cd{margin-bottom:40px !important}@media screen and (max-width:689px){.stk-795c9cd{--stk-col-order-1:2 !important;--stk-col-order-2:1 !important}}<\/style><div class=\"stk-row stk-inner-blocks stk-block-content stk-content-align stk-795c9cd-column\">\n<div class=\"wp-block-stackable-column stk-block-column stk-column stk-block stk-6603f18\" data-v=\"4\" data-block-id=\"6603f18\"><style>.stk-6603f18-container{margin-left:0px !important}.stk-6603f18-inner-blocks{justify-content:center !important}@media screen and (max-width:689px){.stk-6603f18-container{margin-left:10px !important}}<\/style><div class=\"stk-column-wrapper stk-block-column__content stk-container stk-6603f18-container stk--no-background stk--no-padding\"><div class=\"stk--column-flex stk-block-content stk-inner-blocks stk-6603f18-inner-blocks\">\n<div class=\"wp-block-stackable-text stk-block-text stk-block stk-4d22f7b\" data-block-id=\"4d22f7b\"><p class=\"stk-block-text__text\">Die kleine griechische Insel Meis (Kastellorizon)<\/p><\/div>\n\n\n\n<div class=\"wp-block-stackable-text stk-block-text stk-block stk-231fb68\" data-block-id=\"231fb68\"><p class=\"stk-block-text__text\">Die Insel Meis, im S\u00fcdwesten des Bezirks Kas gelegen, ist eine der n\u00e4chstgelegenen griechischen Inseln in der T\u00fcrkei. Die Insel Meis, auf Griechisch &#8222;Kastellorizo&#8220; genannt, hat ein reiches historisches und kulturelles Erbe. Auf der Insel gibt es historische Kirchen, alte H\u00e4fen, osmanische Geb\u00e4ude und andere historische Artefakte. Darunter befindet sich auch die Hafenstadt Megisti, die f\u00fcr ihre historische Architektur bekannt ist. Auf der Insel Meis k\u00f6nnen Sie die Aromen der traditionellen griechischen K\u00fcche genie\u00dfen. Fisch und Meeresfr\u00fcchte nehmen einen wichtigen Platz in der kulinarischen Kultur der Insel ein. Griechische Mezes und andere traditionelle Gerichte finden Sie auch in den \u00f6rtlichen Restaurants.<\/p><\/div>\n\n\n\n<div class=\"wp-block-stackable-text stk-block-text stk-block stk-47448c1\" data-block-id=\"47448c1\"><p class=\"stk-block-text__text\">W\u00e4hrend der Sommermonate verkehren t\u00e4glich F\u00e4hren zur Insel. Der Fahrpreis betr\u00e4gt 35,-Euro pro Person f\u00fcr Hin- und R\u00fcckfahrt. Das Shengen-Visum ist obligatorisch. Sie ist Teil der neu eingef\u00fchrten einfachen Visaregelung f\u00fcr zehn Inseln. Visumverfahren k\u00f6nnen von unserem Bezirk aus beantragt werden. Weitere Informationen erhalten Sie an der Hotelrezeption.<\/p><\/div>\n<\/div><\/div><\/div>\n\n\n\n<div class=\"wp-block-stackable-column stk-block-column stk-column stk-block stk-69138ae\" data-v=\"4\" data-block-id=\"69138ae\"><style>.stk-69138ae-inner-blocks{justify-content:center !important}<\/style><div class=\"stk-column-wrapper stk-block-column__content stk-container stk-69138ae-container stk--no-background stk--no-padding\"><div class=\"stk--column-flex stk-block-content stk-inner-blocks stk-69138ae-inner-blocks\">\n<div class=\"wp-block-stackable-image stk-block-image stk-block stk-362ee8e\" data-block-id=\"362ee8e\"><figure><span class=\"stk-img-wrapper stk-image--shape-stretch\"><img loading=\"lazy\" decoding=\"async\" class=\"stk-img wp-image-1441\" src=\"https:\/\/aquariusotel.com\/wp-content\/uploads\/2024\/03\/meis-01.webp\" width=\"1200\" height=\"800\" alt=\"Meis\" srcset=\"https:\/\/aquariusotel.com\/wp-content\/uploads\/2024\/03\/meis-01.webp 1200w, https:\/\/aquariusotel.com\/wp-content\/uploads\/2024\/03\/meis-01-300x200.webp 300w, https:\/\/aquariusotel.com\/wp-content\/uploads\/2024\/03\/meis-01-1024x683.webp 1024w, https:\/\/aquariusotel.com\/wp-content\/uploads\/2024\/03\/meis-01-768x512.webp 768w\" sizes=\"auto, (max-width: 1200px) 100vw, 1200px\" \/><\/span><\/figure><\/div>\n<\/div><\/div><\/div>\n<\/div><\/div>\n\n<div class=\"wp-block-stackable-columns stk-block-columns stk-block stk-91c59b5\" data-block-id=\"91c59b5\"><div class=\"stk-row stk-inner-blocks stk-block-content stk-content-align stk-91c59b5-column\">\n<div class=\"wp-block-stackable-column stk-block-column stk-column stk-block stk-50e64be\" data-v=\"4\" data-block-id=\"50e64be\"><style>.stk-50e64be-container{margin-left:0px !important}.stk-50e64be-inner-blocks{justify-content:center !important}@media screen and (max-width:689px){.stk-50e64be-container{margin-left:10px !important}}<\/style><div class=\"stk-column-wrapper stk-block-column__content stk-container stk-50e64be-container stk--no-background stk--no-padding\"><div class=\"stk--column-flex stk-block-content stk-inner-blocks stk-50e64be-inner-blocks\">\n<div class=\"wp-block-stackable-heading stk-block-heading stk-block-heading--v2 stk-block stk-eeb3ae3\" id=\"saklikent-milli-parki\" data-block-id=\"eeb3ae3\"><style>.stk-eeb3ae3{margin-bottom:10px !important}.stk-eeb3ae3 .stk-block-heading__text{font-size:24px !important;font-weight:600 !important}@media screen and (max-width:999px){.stk-eeb3ae3 .stk-block-heading__text{font-size:24px !important}}<\/style><h2 class=\"stk-block-heading__text has-text-align-center-mobile\">Saklikent-Nationalpark<\/h2><\/div>\n\n\n\n<div class=\"wp-block-stackable-text stk-block-text stk-block stk-4d841f9\" data-block-id=\"4d841f9\"><p class=\"stk-block-text__text\">Der Sakl\u0131kent-Nationalpark, gemeinhin als Sakl\u0131kent-Schlucht bekannt, ist die Schlucht, die von der Kara\u00e7ay, einem Nebenfluss des E\u015fen-Stroms, gebildet wird, der die Grenze zwischen Antalya und Mu\u011fla bildet. Er ist 18 km lang und 200 m hoch. Die schmalste Stelle ist bis zu 2 Meter breit. Die Entfernung zum Zentrum von Kas betr\u00e4gt 65 km. T\u00e4glich werden Jeep-Safari-Touren zum Saklikent-Nationalpark organisiert. Es ist eine der beliebtesten Touren.<\/p><\/div>\n<\/div><\/div><\/div>\n\n\n\n<div class=\"wp-block-stackable-column stk-block-column stk-column stk-block stk-26b489e\" data-v=\"4\" data-block-id=\"26b489e\"><div class=\"stk-column-wrapper stk-block-column__content stk-container stk-26b489e-container stk--no-background stk--no-padding\"><div class=\"stk-block-content stk-inner-blocks stk-26b489e-inner-blocks\">\n<div class=\"wp-block-stackable-image stk-block-image stk-block stk-981e76c\" data-block-id=\"981e76c\"><figure><span class=\"stk-img-wrapper stk-image--shape-stretch\"><img loading=\"lazy\" decoding=\"async\" class=\"stk-img wp-image-1443\" src=\"https:\/\/aquariusotel.com\/wp-content\/uploads\/2024\/03\/saklikent-01.webp\" width=\"1200\" height=\"800\" alt=\"Saklikent\" srcset=\"https:\/\/aquariusotel.com\/wp-content\/uploads\/2024\/03\/saklikent-01.webp 1200w, https:\/\/aquariusotel.com\/wp-content\/uploads\/2024\/03\/saklikent-01-300x200.webp 300w, https:\/\/aquariusotel.com\/wp-content\/uploads\/2024\/03\/saklikent-01-1024x683.webp 1024w, https:\/\/aquariusotel.com\/wp-content\/uploads\/2024\/03\/saklikent-01-768x512.webp 768w\" sizes=\"auto, (max-width: 1200px) 100vw, 1200px\" \/><\/span><\/figure><\/div>\n<\/div><\/div><\/div>\n<\/div><\/div>\n\n<div class=\"wp-block-stackable-columns stk-block-columns stk-block stk-b9751c9\" data-block-id=\"b9751c9\"><div class=\"stk-row stk-inner-blocks stk-block-content stk-content-align stk-b9751c9-column\">\n<div class=\"wp-block-stackable-column stk-block-column stk-column stk-block stk-1c57059\" data-v=\"4\" data-block-id=\"1c57059\"><style>.stk-1c57059-container{margin-left:0px !important}.stk-1c57059-inner-blocks{justify-content:center !important}@media screen and (max-width:689px){.stk-1c57059-container{margin-left:10px !important}}<\/style><div class=\"stk-column-wrapper stk-block-column__content stk-container stk-1c57059-container stk--no-background stk--no-padding\"><div class=\"stk--column-flex stk-block-content stk-inner-blocks stk-1c57059-inner-blocks\">\n<div class=\"wp-block-stackable-heading stk-block-heading stk-block-heading--v2 stk-block stk-7c41eea\" id=\"patara-antik-kenti-ve-plaji\" data-block-id=\"7c41eea\"><style>.stk-7c41eea{margin-bottom:10px !important}.stk-7c41eea .stk-block-heading__text{font-size:24px !important;font-weight:600 !important}@media screen and (max-width:999px){.stk-7c41eea .stk-block-heading__text{font-size:24px !important}}<\/style><h2 class=\"stk-block-heading__text has-text-align-center-mobile\">Patara Antike Stadt und Strand<\/h2><\/div>\n\n\n\n<div class=\"wp-block-stackable-text stk-block-text stk-block stk-3da42f0\" data-block-id=\"3da42f0\"><p class=\"stk-block-text__text\">Patara Stadt, die hellenistische Hauptstadt Lykiens. Die Stadt, die einst als Hafenstadt erbaut wurde, hat ihre Hafenfunktion verloren, da sie im Laufe der Jahrhunderte mit Sand zwischen dem Meer aufgef\u00fcllt wurde. Die Stadt, die einen wichtigen Platz im Seehandel des Mittelmeers einnahm, erlangte in kurzer Zeit gro\u00dfen Wohlstand. Das Versammlungsgeb\u00e4ude der Lykischen Union in der antiken Stadt Patara ist als das erste erhaltene Versammlungsgeb\u00e4ude der Welt bekannt. Wenn Sie die antike Stadt Patara besuchen, die f\u00fcr ihre Caretta Carettas ber\u00fchmt ist, k\u00f6nnen Sie auch den l\u00e4ngsten Strand der T\u00fcrkei, den Patara Beach, sehen. Die Entfernung zwischen der antiken Stadt Patara und dem Strand von Patara betr\u00e4gt 1 km. Es reicht aus, einen einmaligen Eintritt f\u00fcr die Ruinen und den Strand zu bezahlen.<\/p><\/div>\n<\/div><\/div><\/div>\n\n\n\n<div class=\"wp-block-stackable-column stk-block-column stk-column stk-block stk-a13cd19\" data-v=\"4\" data-block-id=\"a13cd19\"><div class=\"stk-column-wrapper stk-block-column__content stk-container stk-a13cd19-container stk--no-background stk--no-padding\"><div class=\"stk-block-content stk-inner-blocks stk-a13cd19-inner-blocks\">\n<div class=\"wp-block-stackable-image stk-block-image stk-block stk-c41ed1b\" data-block-id=\"c41ed1b\"><figure><span class=\"stk-img-wrapper stk-image--shape-stretch\"><img loading=\"lazy\" decoding=\"async\" class=\"stk-img wp-image-1445\" src=\"https:\/\/aquariusotel.com\/wp-content\/uploads\/2024\/03\/patara-01.webp\" width=\"1200\" height=\"800\" alt=\"Patara\" srcset=\"https:\/\/aquariusotel.com\/wp-content\/uploads\/2024\/03\/patara-01.webp 1200w, https:\/\/aquariusotel.com\/wp-content\/uploads\/2024\/03\/patara-01-300x200.webp 300w, https:\/\/aquariusotel.com\/wp-content\/uploads\/2024\/03\/patara-01-1024x683.webp 1024w, https:\/\/aquariusotel.com\/wp-content\/uploads\/2024\/03\/patara-01-768x512.webp 768w\" sizes=\"auto, (max-width: 1200px) 100vw, 1200px\" \/><\/span><\/figure><\/div>\n<\/div><\/div><\/div>\n<\/div><\/div>\n\n<div class=\"wp-block-stackable-columns stk-block-columns stk-block stk-daf6338\" data-block-id=\"daf6338\"><div class=\"stk-row stk-inner-blocks stk-block-content stk-content-align stk-daf6338-column\">\n<div class=\"wp-block-stackable-column stk-block-column stk-column stk-block stk-56b0e6d\" data-v=\"4\" data-block-id=\"56b0e6d\"><style>.stk-56b0e6d-container{margin-left:0px !important}.stk-56b0e6d-inner-blocks{justify-content:center !important}@media screen and (max-width:689px){.stk-56b0e6d-container{margin-left:10px !important}}<\/style><div class=\"stk-column-wrapper stk-block-column__content stk-container stk-56b0e6d-container stk--no-background stk--no-padding\"><div class=\"stk--column-flex stk-block-content stk-inner-blocks stk-56b0e6d-inner-blocks\">\n<div class=\"wp-block-stackable-heading stk-block-heading stk-block-heading--v2 stk-block stk-a041348\" id=\"tarihi-likya-kentleri\" data-block-id=\"a041348\"><style>.stk-a041348{margin-bottom:10px !important}.stk-a041348 .stk-block-heading__text{font-size:24px !important;font-weight:600 !important}@media screen and (max-width:999px){.stk-a041348 .stk-block-heading__text{font-size:24px !important}}<\/style><h2 class=\"stk-block-heading__text has-text-align-center-mobile\">Historische lykische St\u00e4dte<\/h2><\/div>\n\n\n\n<div class=\"wp-block-stackable-text stk-block-text stk-block stk-e590b87\" data-block-id=\"e590b87\"><p class=\"stk-block-text__text\">Auf der Halbinsel Teke, auf der sich der Bezirk Ka\u015f befindet, gibt es viele historische lykische St\u00e4dte. Antiphellos-Stadt, auf der Ka\u015f gebaut ist, ist eine der wichtigsten Hafenst\u00e4dte der lykischen Zivilisation. Die bekanntesten, je nach Entfernung und Vorliebe, sind Phellos, Patara, Xantos, Myra, Simena, Letton, Tlos, Pinara und andere.<\/p><\/div>\n<\/div><\/div><\/div>\n\n\n\n<div class=\"wp-block-stackable-column stk-block-column stk-column stk-block stk-a92c54a\" data-v=\"4\" data-block-id=\"a92c54a\"><div class=\"stk-column-wrapper stk-block-column__content stk-container stk-a92c54a-container stk--no-background stk--no-padding\"><div class=\"stk-block-content stk-inner-blocks stk-a92c54a-inner-blocks\">\n<div class=\"wp-block-stackable-image stk-block-image stk-block stk-cc883a0\" data-block-id=\"cc883a0\"><figure><span class=\"stk-img-wrapper stk-image--shape-stretch\"><img loading=\"lazy\" decoding=\"async\" class=\"stk-img wp-image-1447\" src=\"https:\/\/aquariusotel.com\/wp-content\/uploads\/2024\/03\/antiphellos-01.webp\" width=\"1200\" height=\"800\" alt=\"Antiphellos\" srcset=\"https:\/\/aquariusotel.com\/wp-content\/uploads\/2024\/03\/antiphellos-01.webp 1200w, https:\/\/aquariusotel.com\/wp-content\/uploads\/2024\/03\/antiphellos-01-300x200.webp 300w, https:\/\/aquariusotel.com\/wp-content\/uploads\/2024\/03\/antiphellos-01-1024x683.webp 1024w, https:\/\/aquariusotel.com\/wp-content\/uploads\/2024\/03\/antiphellos-01-768x512.webp 768w\" sizes=\"auto, (max-width: 1200px) 100vw, 1200px\" \/><\/span><\/figure><\/div>\n<\/div><\/div><\/div>\n<\/div><\/div>\n","protected":false},"excerpt":{"rendered":"<p>Insel Kekova und Kalekoy Kekova ist eine Stadt im Bezirk Demre in der Provinz Antalya und eine Region mit einem herrlichen Natur- und Geschichtsgebiet, das auch ihren Namen tr\u00e4gt. Kekova ist ber\u00fchmt f\u00fcr seine spektakul\u00e4re Aussicht auf das Mittelmeer und vor allem f\u00fcr seine historischen Reicht\u00fcmer. Die Region bietet ihren Besuchern ein einzigartiges Erlebnis mit [&hellip;]<\/p>\n","protected":false},"author":2,"featured_media":2405,"parent":0,"menu_order":9,"comment_status":"closed","ping_status":"closed","template":"","meta":{"footnotes":""},"class_list":["post-1795","page","type-page","status-publish","has-post-thumbnail","hentry"],"blocksy_meta":{"has_hero_section":"enabled","styles_descriptor":{"styles":{"desktop":"[data-prefix=\"single_page\"] .entry-header .page-title {--theme-font-size:30px;} [data-prefix=\"single_page\"] .entry-header .entry-meta {--theme-font-weight:600;--theme-text-transform:uppercase;--theme-font-size:12px;--theme-line-height:1.3;} [data-prefix=\"single_page\"] .hero-section[data-type=\"type-1\"] {--alignment:center;}","tablet":"","mobile":""},"google_fonts":{"Montserrat":["n4","n6"]},"version":6},"hero_alignment1":{"desktop":"center","tablet":"center","mobile":"center"}},"_links":{"self":[{"href":"https:\/\/aquariusotel.com\/de\/wp-json\/wp\/v2\/pages\/1795","targetHints":{"allow":["GET"]}}],"collection":[{"href":"https:\/\/aquariusotel.com\/de\/wp-json\/wp\/v2\/pages"}],"about":[{"href":"https:\/\/aquariusotel.com\/de\/wp-json\/wp\/v2\/types\/page"}],"author":[{"embeddable":true,"href":"https:\/\/aquariusotel.com\/de\/wp-json\/wp\/v2\/users\/2"}],"replies":[{"embeddable":true,"href":"https:\/\/aquariusotel.com\/de\/wp-json\/wp\/v2\/comments?post=1795"}],"version-history":[{"count":0,"href":"https:\/\/aquariusotel.com\/de\/wp-json\/wp\/v2\/pages\/1795\/revisions"}],"wp:featuredmedia":[{"embeddable":true,"href":"https:\/\/aquariusotel.com\/de\/wp-json\/wp\/v2\/media\/2405"}],"wp:attachment":[{"href":"https:\/\/aquariusotel.com\/de\/wp-json\/wp\/v2\/media?parent=1795"}],"curies":[{"name":"wp","href":"https:\/\/api.w.org\/{rel}","templated":true}]}}