{"id":1825,"date":"2024-03-27T20:46:53","date_gmt":"2024-03-27T17:46:53","guid":{"rendered":"https:\/\/aquariusotel.com\/gelegenheiten-und-veranstaltungen\/"},"modified":"2024-05-28T17:44:33","modified_gmt":"2024-05-28T14:44:33","slug":"gelegenheiten-und-veranstaltungen","status":"publish","type":"page","link":"https:\/\/aquariusotel.com\/de\/gelegenheiten-und-veranstaltungen\/","title":{"rendered":"Gelegenheiten und Veranstaltungen"},"content":{"rendered":"\n<div class=\"wp-block-stackable-heading stk-block-heading stk-block-heading--v2 stk-block stk-383a959\" id=\"firsatlar-ve-etkinlikler\" data-block-id=\"383a959\"><style>.stk-383a959{margin-top:20px !important}.stk-383a959 .stk-block-heading__text{font-size:32px !important;font-weight:600 !important}@media screen and (max-width:999px){.stk-383a959 .stk-block-heading__text{font-size:32px !important}}<\/style><h1 class=\"stk-block-heading__text has-text-align-center\">Gelegenheiten und Veranstaltungen<\/h1><\/div>\n\n<div class=\"wp-block-stackable-columns stk-block-columns stk-block stk-3adb1db\" data-block-id=\"3adb1db\"><style>.stk-3adb1db-column{--stk-column-gap:24px !important}<\/style><div class=\"stk-row stk-inner-blocks stk-block-content stk-content-align stk-3adb1db-column\">\n<div class=\"wp-block-stackable-column stk-block-column stk-column stk-block stk-68df742 stk-block-background\" data-v=\"4\" data-block-id=\"68df742\"><div class=\"stk-column-wrapper stk-block-column__content stk-container stk-68df742-container stk--no-background stk--no-padding\"><div class=\"stk-block-content stk-inner-blocks stk-68df742-inner-blocks\">\n<div class=\"wp-block-stackable-image stk-block-image stk-block stk-ca6e291\" data-block-id=\"ca6e291\"><figure><span class=\"stk-img-wrapper stk-image--shape-stretch\"><img loading=\"lazy\" decoding=\"async\" class=\"stk-img wp-image-1652\" src=\"https:\/\/aquariusotel.com\/wp-content\/uploads\/2024\/03\/generic-jazz-concert.webp\" width=\"1200\" height=\"800\" alt=\"Jazz-Festival\" srcset=\"https:\/\/aquariusotel.com\/wp-content\/uploads\/2024\/03\/generic-jazz-concert.webp 1200w, https:\/\/aquariusotel.com\/wp-content\/uploads\/2024\/03\/generic-jazz-concert-300x200.webp 300w, https:\/\/aquariusotel.com\/wp-content\/uploads\/2024\/03\/generic-jazz-concert-1024x683.webp 1024w, https:\/\/aquariusotel.com\/wp-content\/uploads\/2024\/03\/generic-jazz-concert-768x512.webp 768w\" sizes=\"auto, (max-width: 1200px) 100vw, 1200px\" \/><\/span><\/figure><\/div>\n\n\n\n<div class=\"wp-block-stackable-heading stk-block-heading stk-block-heading--v2 stk-block stk-f03fc3f\" id=\"kas-caz-festivali\" data-block-id=\"f03fc3f\"><style>.stk-f03fc3f{margin-bottom:10px !important}.stk-f03fc3f .stk-block-heading__text{font-size:22px !important;font-weight:500 !important}@media screen and (max-width:999px){.stk-f03fc3f .stk-block-heading__text{font-size:22px !important}}<\/style><h2 class=\"stk-block-heading__text has-text-align-center\">Kas-Jazz-Festival<\/h2><\/div>\n\n\n\n<div class=\"wp-block-stackable-text stk-block-text stk-block stk-8d4dd4c\" data-block-id=\"8d4dd4c\"><p class=\"stk-block-text__text\">Das Ka\u015f Jazz Festival, das jedes Jahr zur Tradition wird, findet am letzten Wochenende im August statt. Obwohl der Kalender f\u00fcr 2024 noch nicht bekannt gegeben wurde, wird Ka\u015f Setur Marina in diesem Jahr mit Musikliebhabern zusammenkommen. <a href=\"http:\/\/kascazfestivali.com\/\" target=\"_blank\" rel=\"noreferrer noopener\">http:\/\/kascazfestivali.com\/<\/a><\/p><\/div>\n<\/div><\/div><\/div>\n\n\n\n<div class=\"wp-block-stackable-column stk-block-column stk-column stk-block stk-0125b9e stk-block-background\" data-v=\"4\" data-block-id=\"0125b9e\"><div class=\"stk-column-wrapper stk-block-column__content stk-container stk-0125b9e-container stk--no-background stk--no-padding\"><div class=\"stk-block-content stk-inner-blocks stk-0125b9e-inner-blocks\">\n<div class=\"wp-block-stackable-image stk-block-image stk-block stk-ee3777a\" data-block-id=\"ee3777a\"><figure><span class=\"stk-img-wrapper stk-image--shape-stretch\"><img loading=\"lazy\" decoding=\"async\" class=\"stk-img wp-image-1654\" src=\"https:\/\/aquariusotel.com\/wp-content\/uploads\/2024\/03\/swim-race.webp\" width=\"1200\" height=\"800\" alt=\"Schwimmendes Rennen\" srcset=\"https:\/\/aquariusotel.com\/wp-content\/uploads\/2024\/03\/swim-race.webp 1200w, https:\/\/aquariusotel.com\/wp-content\/uploads\/2024\/03\/swim-race-300x200.webp 300w, https:\/\/aquariusotel.com\/wp-content\/uploads\/2024\/03\/swim-race-1024x683.webp 1024w, https:\/\/aquariusotel.com\/wp-content\/uploads\/2024\/03\/swim-race-768x512.webp 768w\" sizes=\"auto, (max-width: 1200px) 100vw, 1200px\" \/><\/span><\/figure><\/div>\n\n\n\n<div class=\"wp-block-stackable-heading stk-block-heading stk-block-heading--v2 stk-block stk-f96af6e\" id=\"kas-meis-yuzme-yarisi\" data-block-id=\"f96af6e\"><style>.stk-f96af6e{margin-bottom:10px !important}.stk-f96af6e .stk-block-heading__text{font-size:22px !important;font-weight:500 !important}@media screen and (max-width:999px){.stk-f96af6e .stk-block-heading__text{font-size:22px !important}}<\/style><h2 class=\"stk-block-heading__text has-text-align-center\">Kas &#8211; Meis Schwimmrennen<\/h2><\/div>\n\n\n\n<div class=\"wp-block-stackable-text stk-block-text stk-block stk-db6e069\" data-block-id=\"db6e069\"><p class=\"stk-block-text__text\">Diese Organisation ist eine sehr wichtige Aktivit\u00e4t f\u00fcr das Schwimmen. Es ist das einzige Rennen, das zwischen zwei Kontinenten und zwei L\u00e4ndern stattfindet. Das Rennen vom Zentrum von Meis zum Hafen von Kas besteht aus einer ersten Etappe von insgesamt 7 km. Das diesj\u00e4hrige Rennen, das am 30. Juni 2024 stattfinden wird, ist f\u00fcr die \u00d6ffentlichkeit zug\u00e4nglich, und eine begrenzte Anzahl von Schwimmern wird bei der Online-Anmeldung akzeptiert. <a href=\"https:\/\/www.megistikasswim.com\/\" target=\"_blank\" rel=\"noreferrer noopener\">https:\/\/www.megistikasswim.com\/<\/a><\/p><\/div>\n<\/div><\/div><\/div>\n<\/div><\/div>\n\n<div class=\"wp-block-stackable-columns stk-block-columns stk-block stk-ee14be6\" data-block-id=\"ee14be6\"><style>.stk-ee14be6-column{--stk-column-gap:24px !important}<\/style><div class=\"stk-row stk-inner-blocks stk-block-content stk-content-align stk-ee14be6-column\">\n<div class=\"wp-block-stackable-column stk-block-column stk-column stk-block stk-26218f3 stk-block-background\" data-v=\"4\" data-block-id=\"26218f3\"><div class=\"stk-column-wrapper stk-block-column__content stk-container stk-26218f3-container stk--no-background stk--no-padding\"><div class=\"stk-block-content stk-inner-blocks stk-26218f3-inner-blocks\">\n<div class=\"wp-block-stackable-image stk-block-image stk-block stk-443ee08\" data-block-id=\"443ee08\"><figure><span class=\"stk-img-wrapper stk-image--shape-stretch\"><img loading=\"lazy\" decoding=\"async\" class=\"stk-img wp-image-1656\" src=\"https:\/\/aquariusotel.com\/wp-content\/uploads\/2024\/03\/marathon.webp\" width=\"1200\" height=\"800\" alt=\"Marathon\" srcset=\"https:\/\/aquariusotel.com\/wp-content\/uploads\/2024\/03\/marathon.webp 1200w, https:\/\/aquariusotel.com\/wp-content\/uploads\/2024\/03\/marathon-300x200.webp 300w, https:\/\/aquariusotel.com\/wp-content\/uploads\/2024\/03\/marathon-1024x683.webp 1024w, https:\/\/aquariusotel.com\/wp-content\/uploads\/2024\/03\/marathon-768x512.webp 768w\" sizes=\"auto, (max-width: 1200px) 100vw, 1200px\" \/><\/span><\/figure><\/div>\n\n\n\n<div class=\"wp-block-stackable-heading stk-block-heading stk-block-heading--v2 stk-block stk-edce690\" id=\"kas-yarimadaton\" data-block-id=\"edce690\"><style>.stk-edce690{margin-bottom:10px !important}.stk-edce690 .stk-block-heading__text{font-size:22px !important;font-weight:500 !important}@media screen and (max-width:999px){.stk-edce690 .stk-block-heading__text{font-size:22px !important}}<\/style><h2 class=\"stk-block-heading__text has-text-align-center\">Kas Halbinsel Marathon<\/h2><\/div>\n\n\n\n<div class=\"wp-block-stackable-text stk-block-text stk-block stk-1335e23\" data-block-id=\"1335e23\"><p class=\"stk-block-text__text\">Dieser Halbmarathon, der 2018 zum ersten Mal ausgetragen wurde, wird in diesem Jahr am 26. Oktober 2024 stattfinden. Die Veranstaltung ist \u00f6ffentlich und die Anmeldung erfolgt unter <a href=\"https:\/\/www.kasyarimadaton.com\/\" data-type=\"link\" data-id=\"https:\/\/www.kasyarimadaton.com\/\" target=\"_blank\" rel=\"noreferrer noopener\">www.kasyarimadaton.com.<\/a> Internationales Kurzfilmfestival von Kas: Das internationale Kurzfilmfestival von Ka\u015f findet in diesem Jahr vom 4. bis 8. Juni statt. Das Festival, das Filmliebhaber und Filmemacher zusammenbringt, findet dieses Jahr zum 3. Sie wird zum ersten Mal organisiert.<\/p><\/div>\n<\/div><\/div><\/div>\n\n\n\n<div class=\"wp-block-stackable-column stk-block-column stk-column stk-block stk-022c5e3 stk-block-background\" data-v=\"4\" data-block-id=\"022c5e3\"><div class=\"stk-column-wrapper stk-block-column__content stk-container stk-022c5e3-container stk--no-background stk--no-padding\"><div class=\"stk-block-content stk-inner-blocks stk-022c5e3-inner-blocks\">\n<div class=\"wp-block-stackable-image stk-block-image stk-block stk-12b3d99\" data-block-id=\"12b3d99\"><figure><span class=\"stk-img-wrapper stk-image--shape-stretch\"><img loading=\"lazy\" decoding=\"async\" class=\"stk-img wp-image-1658\" src=\"https:\/\/aquariusotel.com\/wp-content\/uploads\/2024\/03\/art-festival.webp\" width=\"1200\" height=\"800\" alt=\"Kunstfestival\" srcset=\"https:\/\/aquariusotel.com\/wp-content\/uploads\/2024\/03\/art-festival.webp 1200w, https:\/\/aquariusotel.com\/wp-content\/uploads\/2024\/03\/art-festival-300x200.webp 300w, https:\/\/aquariusotel.com\/wp-content\/uploads\/2024\/03\/art-festival-1024x683.webp 1024w, https:\/\/aquariusotel.com\/wp-content\/uploads\/2024\/03\/art-festival-768x512.webp 768w\" sizes=\"auto, (max-width: 1200px) 100vw, 1200px\" \/><\/span><\/figure><\/div>\n\n\n\n<div class=\"wp-block-stackable-heading stk-block-heading stk-block-heading--v2 stk-block stk-18b8709\" id=\"uluslararasi-likya-kas-kultur-ve-sanat-festivali\" data-block-id=\"18b8709\"><style>.stk-18b8709{margin-bottom:10px !important}.stk-18b8709 .stk-block-heading__text{font-size:22px !important;font-weight:500 !important}@media screen and (max-width:999px){.stk-18b8709 .stk-block-heading__text{font-size:22px !important}}<\/style><h2 class=\"stk-block-heading__text has-text-align-center\">Internationales lykisches Ka\u015f Kultur- und Kunstfestival<\/h2><\/div>\n\n\n\n<div class=\"wp-block-stackable-text stk-block-text stk-block stk-d73ba9f\" data-block-id=\"d73ba9f\"><p class=\"stk-block-text__text\">Das diesj\u00e4hrige Festival, das vom 21. bis 23. Juni stattfindet, umfasst Ausstellungen, Musikkonzerte, Theaterst\u00fccke, Kochwettbewerbe und Stra\u00dfenworkshops. Das Programm des Festivals wird zu einem sp\u00e4teren Zeitpunkt bekannt gegeben.<\/p><\/div>\n<\/div><\/div><\/div>\n<\/div><\/div>\n","protected":false},"excerpt":{"rendered":"<p>Gelegenheiten und Veranstaltungen Kas-Jazz-Festival Das Ka\u015f Jazz Festival, das jedes Jahr zur Tradition wird, findet am letzten Wochenende im August statt. Obwohl der Kalender f\u00fcr 2024 noch nicht bekannt gegeben wurde, wird Ka\u015f Setur Marina in diesem Jahr mit Musikliebhabern zusammenkommen. http:\/\/kascazfestivali.com\/ Kas &#8211; Meis Schwimmrennen Diese Organisation ist eine sehr wichtige Aktivit\u00e4t f\u00fcr das [&hellip;]<\/p>\n","protected":false},"author":2,"featured_media":2425,"parent":0,"menu_order":22,"comment_status":"closed","ping_status":"closed","template":"","meta":{"footnotes":""},"class_list":["post-1825","page","type-page","status-publish","has-post-thumbnail","hentry"],"blocksy_meta":[],"_links":{"self":[{"href":"https:\/\/aquariusotel.com\/de\/wp-json\/wp\/v2\/pages\/1825","targetHints":{"allow":["GET"]}}],"collection":[{"href":"https:\/\/aquariusotel.com\/de\/wp-json\/wp\/v2\/pages"}],"about":[{"href":"https:\/\/aquariusotel.com\/de\/wp-json\/wp\/v2\/types\/page"}],"author":[{"embeddable":true,"href":"https:\/\/aquariusotel.com\/de\/wp-json\/wp\/v2\/users\/2"}],"replies":[{"embeddable":true,"href":"https:\/\/aquariusotel.com\/de\/wp-json\/wp\/v2\/comments?post=1825"}],"version-history":[{"count":0,"href":"https:\/\/aquariusotel.com\/de\/wp-json\/wp\/v2\/pages\/1825\/revisions"}],"wp:featuredmedia":[{"embeddable":true,"href":"https:\/\/aquariusotel.com\/de\/wp-json\/wp\/v2\/media\/2425"}],"wp:attachment":[{"href":"https:\/\/aquariusotel.com\/de\/wp-json\/wp\/v2\/media?parent=1825"}],"curies":[{"name":"wp","href":"https:\/\/api.w.org\/{rel}","templated":true}]}}