{"id":1990,"date":"2024-03-03T00:48:57","date_gmt":"2024-03-02T21:48:57","guid":{"rendered":"https:\/\/aquariusotel.com\/%d0%b1%d1%80%d0%be%d0%bd%d0%b8%d1%80%d0%be%d0%b2%d0%b0%d0%bd%d0%b8%d0%b5\/"},"modified":"2024-04-07T04:36:29","modified_gmt":"2024-04-07T01:36:29","slug":"%d0%b1%d1%80%d0%be%d0%bd%d0%b8%d1%80%d0%be%d0%b2%d0%b0%d0%bd%d0%b8%d0%b5","status":"publish","type":"page","link":"https:\/\/aquariusotel.com\/ru\/%d0%b1%d1%80%d0%be%d0%bd%d0%b8%d1%80%d0%be%d0%b2%d0%b0%d0%bd%d0%b8%d0%b5\/","title":{"rendered":"\u0411\u0440\u043e\u043d\u0438\u0440\u043e\u0432\u0430\u043d\u0438\u0435"},"content":{"rendered":"\n<div class=\"wp-block-stackable-columns stk-block-columns stk-block stk-b259fc4\" data-block-id=\"b259fc4\"><style>.stk-b259fc4{min-height:40vh !important;align-items:center !important;max-width:800px !important;margin-right:auto !important;margin-left:auto !important;display:flex !important;z-index:5 !important}<\/style><div class=\"stk-row stk-inner-blocks stk-block-content stk-content-align stk-b259fc4-column\">\n<div class=\"wp-block-stackable-column stk-block-column stk-column stk-block stk-74730d4\" data-v=\"4\" data-block-id=\"74730d4\"><div class=\"stk-column-wrapper stk-block-column__content stk-container stk-74730d4-container stk--no-background stk--no-padding\"><div class=\"stk-block-content stk-inner-blocks stk-74730d4-inner-blocks\">\n<div class=\"wp-block-stackable-heading stk-block-heading stk-block-heading--v2 stk-block stk-5c8ff10\" id=\"\u0444\u043e\u0440\u043c\u0430-\u0431\u0440\u043e\u043d\u0438\u0440\u043e\u0432\u0430\u043d\u0438\u044f\" data-block-id=\"5c8ff10\"><style>.stk-5c8ff10 .stk-block-heading__text{font-size:26px !important;font-weight:600 !important}@media screen and (max-width:999px){.stk-5c8ff10 .stk-block-heading__text{font-size:26px !important}}<\/style><h1 class=\"stk-block-heading__text has-text-align-center\">\u0424\u043e\u0440\u043c\u0430 \u0431\u0440\u043e\u043d\u0438\u0440\u043e\u0432\u0430\u043d\u0438\u044f<\/h1><\/div>\n\n\n<script>\r\nvar grouphotels = false;\r\nvar widgeturl = \"https:\/\/capparihotelsaquarius.rezervasyonal.com\";\r\nvar defaultadultcount = 2; \/\/ Default Yeti\u015fkin Say\u0131s\u0131\r\nvar maxchild = 1; \/\/ Maximum \u00c7ocuk Say\u0131s\u0131\r\nvar maxchildage = [1,12]; \/\/ya\u015f aral\u0131\u011f\u0131. var maxchildage = 8; ya\u015f aral\u0131\u011f\u0131 0 - 8 ya\u015f aras\u0131 olacakt\u0131r. \r\nvar maxadult = 5; \/\/ Maximum Yeti\u015fkin Say\u0131s\u0131\r\nvar nightselect = true; \/\/ Gece Say\u0131s\u0131n\u0131 Se\u00e7erek tarihleri g\u00fcnceller\r\nvar currency = \"EUR\"; \/\/ Para Birimi \r\nvar lang = \"ru\"; \/\/ \"tr\" veya \"en\"\r\n<\/script>\r\n\r\n<style>\r\n.elektraweb-widget {\r\n\tpadding: 10px;\r\n    border-radius: 5px;\r\n    background-color: #fff; \r\n\t}\r\n\t\r\n#childcross, #childplus, #adultcross, #adultplus {\r\n\tbackground-color: #EB5E0B !important;\r\n\ttext-align: center;\r\n}\r\n#widgetSubmit {\r\n\tmargin-top: 30px !important;\r\n\tbackground-image: none !important;\r\n\tbackground-color: #EB5E0B !important;\r\n\tborder-radius: 5px;\r\n\tpadding: 8px 25px !important;\r\n} \r\n#widgetSubmit:hover {\r\n\tbackground-color: #1559ed !important;\r\n\t}\r\n\t.elektraweb-formGroup label {\r\n\t\ttext-align: center;\r\n\t}\r\n<\/style>\r\n\r\n<script src=\"https:\/\/www.rezervasyonal.com\/widget\/widgetbar\/assets\/widget.js\"><\/script>\n\n\n\n<div id=\"elektraweb-widget-area\"><\/div>\n<\/div><\/div><\/div>\n<\/div><\/div>\n","protected":false},"excerpt":{"rendered":"<p>\u0424\u043e\u0440\u043c\u0430 \u0431\u0440\u043e\u043d\u0438\u0440\u043e\u0432\u0430\u043d\u0438\u044f<\/p>\n","protected":false},"author":2,"featured_media":0,"parent":0,"menu_order":7,"comment_status":"closed","ping_status":"closed","template":"","meta":{"footnotes":""},"class_list":["post-1990","page","type-page","status-publish","hentry"],"blocksy_meta":{"has_hero_section":"disabled","styles_descriptor":{"styles":{"desktop":"","tablet":"","mobile":""},"google_fonts":[],"version":6}},"_links":{"self":[{"href":"https:\/\/aquariusotel.com\/ru\/wp-json\/wp\/v2\/pages\/1990","targetHints":{"allow":["GET"]}}],"collection":[{"href":"https:\/\/aquariusotel.com\/ru\/wp-json\/wp\/v2\/pages"}],"about":[{"href":"https:\/\/aquariusotel.com\/ru\/wp-json\/wp\/v2\/types\/page"}],"author":[{"embeddable":true,"href":"https:\/\/aquariusotel.com\/ru\/wp-json\/wp\/v2\/users\/2"}],"replies":[{"embeddable":true,"href":"https:\/\/aquariusotel.com\/ru\/wp-json\/wp\/v2\/comments?post=1990"}],"version-history":[{"count":0,"href":"https:\/\/aquariusotel.com\/ru\/wp-json\/wp\/v2\/pages\/1990\/revisions"}],"wp:attachment":[{"href":"https:\/\/aquariusotel.com\/ru\/wp-json\/wp\/v2\/media?parent=1990"}],"curies":[{"name":"wp","href":"https:\/\/api.w.org\/{rel}","templated":true}]}}